{"id":700594,"date":"2018-04-08T21:58:24","date_gmt":"2018-04-08T19:58:24","guid":{"rendered":"http:\/\/icome.fr\/?page_id=700594"},"modified":"2019-02-19T12:01:08","modified_gmt":"2019-02-19T11:01:08","slug":"portfolio","status":"publish","type":"page","link":"https:\/\/icome.fr\/index.php\/portfolio\/","title":{"rendered":"Portfolio"},"content":{"rendered":"<p>[vc_row][vc_column][vc_text_separator title=&#8221;PORTFOLIO&#8221; color=&#8221;peacoc&#8221; style=&#8221;shadow&#8221; border_width=&#8221;2&#8243;][\/vc_column][\/vc_row][vc_row][vc_column][vc_column_text]Nous vous pr\u00e9sentons ci-dessous, quelques \u00e9tudes et r\u00e9alisations repr\u00e9sentatives de notre savoir-faire. Pour des raisons de confidentialit\u00e9, nous ne pouvons pas communiquer sur tous nos projets. Cependant vous trouverez ici un panel de projets d\u00e9montrant notre capacit\u00e9 d&#8217;adaptation de nos comp\u00e9tences au profit de domaines divers et vari\u00e9s.[\/vc_column_text][\/vc_column][\/vc_row][vc_row][vc_column][vc_separator style=&#8221;shadow&#8221; border_width=&#8221;4&#8243; el_width=&#8221;90&#8243; css=&#8221;.vc_custom_1532447341878{padding-top: 25px !important;padding-bottom: 25px !important;}&#8221;][vc_column_text]<\/p>\n<ul>\n<li>\n<h5><span style=\"color: #000000;\"><strong>Syst\u00e8me de photogram\u00e9trie 3D immergeable \u00e0 6 000m:<\/strong><\/span><\/h5>\n<\/li>\n<\/ul>\n<p style=\"text-align: center;\"><em>Etude r\u00e9alis\u00e9e sur la technologie <a href=\"http:\/\/comex.fr\/innovation\/orus-3d\/\">ORUS 3D<\/a> de <a href=\"http:\/\/comex.fr\/\">COMEX SA<\/a>.<\/em><\/p>\n<p>[\/vc_column_text][\/vc_column][\/vc_row][vc_row][vc_column width=&#8221;3\/4&#8243;][vc_images_carousel images=&#8221;700784,700788,700789&#8243; img_size=&#8221;full&#8221; speed=&#8221;50&#8243; slides_per_view=&#8221;3&#8243; hide_pagination_control=&#8221;yes&#8221; hide_prev_next_buttons=&#8221;yes&#8221; wrap=&#8221;yes&#8221;][\/vc_column][vc_column width=&#8221;1\/4&#8243;][vc_video link=&#8221;https:\/\/www.youtube.com\/watch?time_continue=97&amp;v=GY5L-g7uuGw&#8221; align=&#8221;center&#8221;][\/vc_column][\/vc_row][vc_row][vc_column][vc_separator style=&#8221;shadow&#8221; border_width=&#8221;4&#8243; el_width=&#8221;90&#8243; css=&#8221;.vc_custom_1532447341878{padding-top: 25px !important;padding-bottom: 25px !important;}&#8221;][vc_column_text]<\/p>\n<ul>\n<li>\n<h5><strong>Convoyeur et pr\u00e9henseur de\u00a0g\u00e2teaux:<\/strong><\/h5>\n<\/li>\n<\/ul>\n<p>[\/vc_column_text][vc_images_carousel images=&#8221;700719,700718,700717,700720,700721&#8243; img_size=&#8221;full&#8221; speed=&#8221;50&#8243; slides_per_view=&#8221;5&#8243; hide_pagination_control=&#8221;yes&#8221; hide_prev_next_buttons=&#8221;yes&#8221; wrap=&#8221;yes&#8221;][\/vc_column][\/vc_row][vc_row][vc_column][vc_separator style=&#8221;shadow&#8221; border_width=&#8221;4&#8243; el_width=&#8221;90&#8243; css=&#8221;.vc_custom_1532447341878{padding-top: 25px !important;padding-bottom: 25px !important;}&#8221;][vc_column_text]<\/p>\n<ul>\n<li>\n<h5><strong>Plateforme scientifique sous marine:<\/strong><\/h5>\n<\/li>\n<\/ul>\n<p>[\/vc_column_text][\/vc_column][\/vc_row][vc_row][vc_column width=&#8221;3\/4&#8243;][vc_images_carousel images=&#8221;700792,700824,700826&#8243; img_size=&#8221;full&#8221; speed=&#8221;50&#8243; slides_per_view=&#8221;3&#8243; hide_pagination_control=&#8221;yes&#8221; hide_prev_next_buttons=&#8221;yes&#8221; wrap=&#8221;yes&#8221;][\/vc_column][vc_column width=&#8221;1\/4&#8243;][vc_video link=&#8221;https:\/\/www.youtube.com\/watch?v=omlFkdCkbYk&#8221; align=&#8221;center&#8221;][\/vc_column][\/vc_row][vc_row][vc_column][vc_separator style=&#8221;shadow&#8221; border_width=&#8221;4&#8243; el_width=&#8221;90&#8243; css=&#8221;.vc_custom_1532447333325{padding-top: 25px !important;padding-bottom: 25px !important;}&#8221;][vc_column_text]<\/p>\n<ul>\n<li>\n<h5><strong>Chaumard (CMU\u00a0 2 Tonnes):<\/strong><\/h5>\n<\/li>\n<\/ul>\n<p>[\/vc_column_text][vc_images_carousel images=&#8221;700712,700713,700714,700715,700716&#8243; img_size=&#8221;full&#8221; speed=&#8221;50&#8243; slides_per_view=&#8221;5&#8243; hide_pagination_control=&#8221;yes&#8221; hide_prev_next_buttons=&#8221;yes&#8221; wrap=&#8221;yes&#8221;][\/vc_column][\/vc_row][vc_row][vc_column][vc_separator style=&#8221;shadow&#8221; border_width=&#8221;4&#8243; el_width=&#8221;90&#8243; css=&#8221;.vc_custom_1532447324205{padding-top: 25px !important;padding-bottom: 25px !important;}&#8221;][vc_column_text]<\/p>\n<ul>\n<li>\n<h5><strong>Amortisseur de motocross:<\/strong><\/h5>\n<\/li>\n<\/ul>\n<p>[\/vc_column_text][vc_images_carousel images=&#8221;700707,700710,700711,700708,700709&#8243; img_size=&#8221;full&#8221; speed=&#8221;50&#8243; slides_per_view=&#8221;5&#8243; hide_pagination_control=&#8221;yes&#8221; hide_prev_next_buttons=&#8221;yes&#8221; wrap=&#8221;yes&#8221;][\/vc_column][\/vc_row][vc_row][vc_column][vc_separator style=&#8221;shadow&#8221; border_width=&#8221;4&#8243; el_width=&#8221;90&#8243; css=&#8221;.vc_custom_1532447341878{padding-top: 25px !important;padding-bottom: 25px !important;}&#8221;][vc_column_text]<\/p>\n<ul>\n<li>\n<h5><span style=\"color: #000000;\"><strong>Palonnier pour tube (CMU 2 Tonnes):<\/strong><\/span><\/h5>\n<\/li>\n<\/ul>\n<p>[\/vc_column_text][vc_images_carousel images=&#8221;700726,700722,700724,700725,700727&#8243; img_size=&#8221;full&#8221; speed=&#8221;50&#8243; slides_per_view=&#8221;5&#8243; hide_pagination_control=&#8221;yes&#8221; hide_prev_next_buttons=&#8221;yes&#8221; wrap=&#8221;yes&#8221;][\/vc_column][\/vc_row][vc_row][vc_column][vc_separator style=&#8221;shadow&#8221; border_width=&#8221;4&#8243; el_width=&#8221;90&#8243; css=&#8221;.vc_custom_1532447341878{padding-top: 25px !important;padding-bottom: 25px !important;}&#8221;][vc_column_text]<\/p>\n<ul>\n<li>\n<h5><span style=\"color: #000000;\"><strong>Changeur d&#8217;outils automatique et magasin d&#8217;outils:<\/strong><\/span><\/h5>\n<\/li>\n<\/ul>\n<p>[\/vc_column_text][vc_images_carousel images=&#8221;700731,700730,700728,700729&#8243; img_size=&#8221;full&#8221; speed=&#8221;50&#8243; slides_per_view=&#8221;4&#8243; hide_pagination_control=&#8221;yes&#8221; hide_prev_next_buttons=&#8221;yes&#8221; wrap=&#8221;yes&#8221;][\/vc_column][\/vc_row][vc_row][vc_column][vc_separator style=&#8221;shadow&#8221; border_width=&#8221;4&#8243; el_width=&#8221;90&#8243; css=&#8221;.vc_custom_1532447341878{padding-top: 25px !important;padding-bottom: 25px !important;}&#8221;][vc_column_text]<\/p>\n<ul>\n<li>\n<h5><span style=\"color: #000000;\"><strong>Mod\u00e9lisation 3D de navires \u00e0 partir de plans papier:<\/strong><\/span><\/h5>\n<\/li>\n<\/ul>\n<p>[\/vc_column_text][vc_images_carousel images=&#8221;700734,700738,700733,700737,700735,700736&#8243; img_size=&#8221;full&#8221; speed=&#8221;50&#8243; slides_per_view=&#8221;6&#8243; hide_pagination_control=&#8221;yes&#8221; hide_prev_next_buttons=&#8221;yes&#8221; wrap=&#8221;yes&#8221;][\/vc_column][\/vc_row][vc_row][vc_column][vc_separator style=&#8221;shadow&#8221; border_width=&#8221;4&#8243; el_width=&#8221;90&#8243; css=&#8221;.vc_custom_1532447341878{padding-top: 25px !important;padding-bottom: 25px !important;}&#8221;][vc_column_text]<\/p>\n<ul>\n<li>\n<h5><span style=\"color: #000000;\"><strong>V\u00e9hicule sous marin porteur d&#8217;outil:<\/strong><\/span><\/h5>\n<\/li>\n<\/ul>\n<p>[\/vc_column_text][vc_images_carousel images=&#8221;700798,700799,700800,700801,700802&#8243; img_size=&#8221;full&#8221; speed=&#8221;50&#8243; slides_per_view=&#8221;5&#8243; hide_pagination_control=&#8221;yes&#8221; hide_prev_next_buttons=&#8221;yes&#8221; wrap=&#8221;yes&#8221;][\/vc_column][\/vc_row][vc_row][vc_column][vc_separator style=&#8221;shadow&#8221; border_width=&#8221;4&#8243; el_width=&#8221;90&#8243; css=&#8221;.vc_custom_1532447341878{padding-top: 25px !important;padding-bottom: 25px !important;}&#8221;][vc_column_text]<\/p>\n<ul>\n<li>\n<h5><span style=\"color: #000000;\"><strong>Int\u00e9gration d&#8217;un container instrument\u00e9:<\/strong><\/span><\/h5>\n<\/li>\n<\/ul>\n<p style=\"text-align: center;\"><em>Etude r\u00e9alis\u00e9e pour un chantier exp\u00e9rimental pour <a href=\"https:\/\/watertracks.fr\/\">WATERTRACKS<\/a>.<\/em><\/p>\n<p>[\/vc_column_text][vc_images_carousel images=&#8221;700843,700748,700746,700747,700844&#8243; img_size=&#8221;full&#8221; onclick=&#8221;link_no&#8221; speed=&#8221;50&#8243; slides_per_view=&#8221;5&#8243; hide_pagination_control=&#8221;yes&#8221; hide_prev_next_buttons=&#8221;yes&#8221; wrap=&#8221;yes&#8221;][\/vc_column][\/vc_row][vc_row][vc_column][vc_separator style=&#8221;shadow&#8221; border_width=&#8221;4&#8243; el_width=&#8221;90&#8243; css=&#8221;.vc_custom_1532447341878{padding-top: 25px !important;padding-bottom: 25px !important;}&#8221;][vc_column_text]<\/p>\n<ul>\n<li>\n<h5><span style=\"color: #000000;\"><strong>Int\u00e9gration d&#8217;un poste de criblage de s\u00e9diment:<\/strong><\/span><\/h5>\n<\/li>\n<\/ul>\n<p style=\"text-align: center;\"><em>Etude r\u00e9alis\u00e9e pour un chantier exp\u00e9rimental pour <a href=\"https:\/\/watertracks.fr\/\">WATERTRACKS<\/a>.<\/em><\/p>\n<p>[\/vc_column_text][vc_images_carousel images=&#8221;700753,700841,700751,700754,700755&#8243; img_size=&#8221;full&#8221; onclick=&#8221;link_no&#8221; speed=&#8221;50&#8243; slides_per_view=&#8221;5&#8243; hide_pagination_control=&#8221;yes&#8221; hide_prev_next_buttons=&#8221;yes&#8221; wrap=&#8221;yes&#8221;][\/vc_column][\/vc_row][vc_row][vc_column][vc_separator style=&#8221;shadow&#8221; border_width=&#8221;4&#8243; el_width=&#8221;90&#8243; css=&#8221;.vc_custom_1532447341878{padding-top: 25px !important;padding-bottom: 25px !important;}&#8221;][vc_column_text]<\/p>\n<ul>\n<li>\n<h5><span style=\"color: #000000;\"><strong>Bou\u00e9e d&#8217;ombilical \u00e0 attaches rapides:<\/strong><\/span><\/h5>\n<\/li>\n<\/ul>\n<p>[\/vc_column_text][vc_images_carousel images=&#8221;700762,700760,700761,700759&#8243; img_size=&#8221;full&#8221; speed=&#8221;50&#8243; slides_per_view=&#8221;4&#8243; hide_pagination_control=&#8221;yes&#8221; hide_prev_next_buttons=&#8221;yes&#8221; wrap=&#8221;yes&#8221;][\/vc_column][\/vc_row][vc_row][vc_column][vc_separator style=&#8221;shadow&#8221; border_width=&#8221;4&#8243; el_width=&#8221;90&#8243; css=&#8221;.vc_custom_1532447341878{padding-top: 25px !important;padding-bottom: 25px !important;}&#8221;][vc_column_text]<\/p>\n<ul>\n<li>\n<h5><span style=\"color: #000000;\"><strong>Caisson cam\u00e9ra \u00e9tanche \u00e0 2 500m:<\/strong><\/span><\/h5>\n<\/li>\n<\/ul>\n<p>[\/vc_column_text][vc_images_carousel images=&#8221;700772,700774,700773,700776,700775&#8243; img_size=&#8221;full&#8221; onclick=&#8221;link_no&#8221; speed=&#8221;50&#8243; slides_per_view=&#8221;5&#8243; hide_pagination_control=&#8221;yes&#8221; hide_prev_next_buttons=&#8221;yes&#8221; wrap=&#8221;yes&#8221;][\/vc_column][\/vc_row][vc_row][vc_column][vc_separator style=&#8221;shadow&#8221; border_width=&#8221;4&#8243; el_width=&#8221;90&#8243; css=&#8221;.vc_custom_1532447341878{padding-top: 25px !important;padding-bottom: 25px !important;}&#8221;][vc_column_text]<\/p>\n<ul>\n<li>\n<h5><span style=\"color: #000000;\"><strong>Structure sous marine:<\/strong><\/span><\/h5>\n<\/li>\n<\/ul>\n<p>[\/vc_column_text][vc_images_carousel images=&#8221;700781,700779,700839,700840&#8243; img_size=&#8221;full&#8221; speed=&#8221;50&#8243; slides_per_view=&#8221;4&#8243; hide_pagination_control=&#8221;yes&#8221; hide_prev_next_buttons=&#8221;yes&#8221; wrap=&#8221;yes&#8221;][\/vc_column][\/vc_row][vc_row][vc_column][vc_separator style=&#8221;shadow&#8221; border_width=&#8221;4&#8243; el_width=&#8221;90&#8243; css=&#8221;.vc_custom_1532447341878{padding-top: 25px !important;padding-bottom: 25px !important;}&#8221;][vc_column_text]<\/p>\n<ul>\n<li>\n<h5><span style=\"color: #000000;\"><strong>Mod\u00e9lisation 3D d&#8217;un site d&#8217;essais:<\/strong><\/span><\/h5>\n<\/li>\n<\/ul>\n<p>[\/vc_column_text][vc_images_carousel images=&#8221;700803,700807,700804,700805,700806&#8243; img_size=&#8221;full&#8221; speed=&#8221;50&#8243; slides_per_view=&#8221;5&#8243; hide_pagination_control=&#8221;yes&#8221; hide_prev_next_buttons=&#8221;yes&#8221; wrap=&#8221;yes&#8221;][\/vc_column][\/vc_row][vc_row][vc_column][vc_separator style=&#8221;shadow&#8221; border_width=&#8221;4&#8243; el_width=&#8221;90&#8243; css=&#8221;.vc_custom_1532447341878{padding-top: 25px !important;padding-bottom: 25px !important;}&#8221;][vc_column_text]<\/p>\n<ul>\n<li>\n<h5><span style=\"color: #000000;\"><strong>Projets divers:<\/strong><\/span><\/h5>\n<\/li>\n<\/ul>\n<p>[\/vc_column_text][vc_images_carousel images=&#8221;700836,700835,700832,700833,700834&#8243; img_size=&#8221;full&#8221; speed=&#8221;50&#8243; slides_per_view=&#8221;5&#8243; hide_pagination_control=&#8221;yes&#8221; hide_prev_next_buttons=&#8221;yes&#8221; wrap=&#8221;yes&#8221;][\/vc_column][\/vc_row]<\/p>\n","protected":false},"excerpt":{"rendered":"<p>[vc_row][vc_column][vc_text_separator title=&#8221;PORTFOLIO&#8221; color=&#8221;peacoc&#8221; style=&#8221;shadow&#8221; border_width=&#8221;2&#8243;][\/vc_column][\/vc_row][vc_row][vc_column][vc_column_text]Nous vous pr\u00e9sentons ci-dessous, quelques \u00e9tudes et r\u00e9alisations repr\u00e9sentatives de notre savoir-faire. Pour des raisons de confidentialit\u00e9, nous ne pouvons pas communiquer sur tous nos projets. Cependant vous trouverez ici un panel de projets d\u00e9montrant notre capacit\u00e9 d&#8217;adaptation de nos comp\u00e9tences au profit de domaines divers [&hellip;]<\/p>\n","protected":false},"author":1,"featured_media":0,"parent":0,"menu_order":0,"comment_status":"closed","ping_status":"closed","template":"","meta":{"jetpack_post_was_ever_published":false,"footnotes":""},"class_list":["post-700594","page","type-page","status-publish","hentry"],"jetpack_sharing_enabled":true,"jetpack_shortlink":"https:\/\/wp.me\/P9UuvA-2WfU","jetpack-related-posts":[],"_links":{"self":[{"href":"https:\/\/icome.fr\/index.php\/wp-json\/wp\/v2\/pages\/700594"}],"collection":[{"href":"https:\/\/icome.fr\/index.php\/wp-json\/wp\/v2\/pages"}],"about":[{"href":"https:\/\/icome.fr\/index.php\/wp-json\/wp\/v2\/types\/page"}],"author":[{"embeddable":true,"href":"https:\/\/icome.fr\/index.php\/wp-json\/wp\/v2\/users\/1"}],"replies":[{"embeddable":true,"href":"https:\/\/icome.fr\/index.php\/wp-json\/wp\/v2\/comments?post=700594"}],"version-history":[{"count":37,"href":"https:\/\/icome.fr\/index.php\/wp-json\/wp\/v2\/pages\/700594\/revisions"}],"predecessor-version":[{"id":700880,"href":"https:\/\/icome.fr\/index.php\/wp-json\/wp\/v2\/pages\/700594\/revisions\/700880"}],"wp:attachment":[{"href":"https:\/\/icome.fr\/index.php\/wp-json\/wp\/v2\/media?parent=700594"}],"curies":[{"name":"wp","href":"https:\/\/api.w.org\/{rel}","templated":true}]}}