{"id":700552,"date":"2018-04-08T15:25:47","date_gmt":"2018-04-08T13:25:47","guid":{"rendered":"http:\/\/icome.fr\/?page_id=700552"},"modified":"2025-08-21T16:49:47","modified_gmt":"2025-08-21T14:49:47","slug":"moyens","status":"publish","type":"page","link":"https:\/\/icome.fr\/index.php\/moyens\/","title":{"rendered":"Moyens"},"content":{"rendered":"<p>[vc_row][vc_column][vc_text_separator title=&#8221;OUTILS CAO&#8221; i_icon_fontawesome=&#8221;fa fa-laptop&#8221; i_color=&#8221;peacoc&#8221; title_align=&#8221;separator_align_left&#8221; color=&#8221;peacoc&#8221; add_icon=&#8221;true&#8221;][vc_row_inner][vc_column_inner css=&#8221;.vc_custom_1523296878080{margin-top: 0px !important;border-top-width: 0px !important;padding-top: 0px !important;}&#8221;][vc_column_text]<span style=\"color: #000000;\"><span style=\"color: #65b3ba;\"><strong>i<\/strong><\/span><span style=\"color: #3d758a;\"><strong>come<\/strong><\/span><\/span> dispose de moyens de conception modernes et professionnels, reconnus et r\u00e9pandus dans le milieu industriel. Nous sommes \u00e9quip\u00e9s de licence <strong>Solidworks Premium<\/strong> dans sa version la plus r\u00e9cente, ainsi que de mat\u00e9riel informatique professionnel performant de derni\u00e8re g\u00e9n\u00e9ration. Nos moyens de conception nous permettent de produire des plans 2D et 3D compatibles avec l&#8217;ensemble des logiciels professionnels du march\u00e9. Nous pouvons \u00e9galement r\u00e9aliser des rendus r\u00e9alistes, des animations 3D ainsi que des calculs m\u00e9caniques par la m\u00e9thode des \u00e9l\u00e9ments finis.[\/vc_column_text][\/vc_column_inner][\/vc_row_inner][\/vc_column][\/vc_row][vc_row css=&#8221;.vc_custom_1523215102973{margin-top: 0px !important;margin-bottom: 0px !important;border-top-width: 0px !important;border-bottom-width: 0px !important;padding-top: 20px !important;padding-bottom: 0px !important;background-color: rgba(192,222,229,0.51) !important;*background-color: rgb(192,222,229) !important;}&#8221;][vc_column css=&#8221;.vc_custom_1523210436220{margin-top: 0px !important;margin-bottom: 0px !important;border-top-width: 0px !important;border-bottom-width: 0px !important;padding-top: 0px !important;padding-bottom: 0px !important;}&#8221;][vc_row_inner gap=&#8221;20&#8243; css=&#8221;.vc_custom_1523210443335{margin-top: 0px !important;margin-bottom: 0px !important;border-top-width: 0px !important;border-bottom-width: 0px !important;padding-top: 0px !important;padding-bottom: 0px !important;}&#8221;][vc_column_inner width=&#8221;1\/6&#8243;][vc_single_image image=&#8221;700553&#8243; alignment=&#8221;center&#8221;][\/vc_column_inner][vc_column_inner width=&#8221;1\/6&#8243;][vc_single_image image=&#8221;700557&#8243; alignment=&#8221;center&#8221;][\/vc_column_inner][vc_column_inner width=&#8221;1\/6&#8243;][vc_single_image image=&#8221;700556&#8243; alignment=&#8221;center&#8221;][\/vc_column_inner][vc_column_inner width=&#8221;1\/6&#8243;][vc_single_image image=&#8221;700558&#8243; alignment=&#8221;center&#8221;][\/vc_column_inner][vc_column_inner width=&#8221;1\/6&#8243;][vc_single_image image=&#8221;700554&#8243; alignment=&#8221;center&#8221;][\/vc_column_inner][vc_column_inner width=&#8221;1\/6&#8243;][vc_single_image image=&#8221;700555&#8243; alignment=&#8221;center&#8221;][\/vc_column_inner][\/vc_row_inner][\/vc_column][\/vc_row][vc_row css=&#8221;.vc_custom_1523296895247{padding-top: 80px !important;}&#8221;][vc_column][vc_text_separator title=&#8221;CERTIFICATIONS:&#8221; i_icon_fontawesome=&#8221;fa fa-certificate&#8221; i_color=&#8221;peacoc&#8221; title_align=&#8221;separator_align_left&#8221; color=&#8221;peacoc&#8221; add_icon=&#8221;true&#8221;][vc_column_text]Ci dessous nos dipl\u00f4mes justifiant de notre qualification dans notre domaine d&#8217;activit\u00e9.[\/vc_column_text][vc_row_inner][vc_column_inner width=&#8221;1\/4&#8243;][\/vc_column_inner][vc_column_inner width=&#8221;1\/4&#8243;][vc_single_image image=&#8221;700652&#8243; alignment=&#8221;center&#8221; onclick=&#8221;link_image&#8221;][\/vc_column_inner][vc_column_inner width=&#8221;1\/4&#8243;][vc_single_image image=&#8221;700651&#8243; img_size=&#8221;large&#8221; alignment=&#8221;center&#8221; onclick=&#8221;link_image&#8221;][\/vc_column_inner][vc_column_inner width=&#8221;1\/4&#8243;][\/vc_column_inner][vc_column_inner][vc_column_text]<span style=\"color: #000000;\"><span style=\"color: #65b3ba;\"><strong>i<\/strong><\/span><span style=\"color: #3d758a;\"><strong>come<\/strong><\/span><\/span>\u00a0participe r\u00e9guli\u00e8rement au programme de certification Solidworks. Nous sommes ainsi certifi\u00e9s par Dassault System et r\u00e9f\u00e9renc\u00e9s dans la base des utilisateurs Solidworks exp\u00e9riment\u00e9s.[\/vc_column_text][\/vc_column_inner][\/vc_row_inner][vc_row_inner][vc_column_inner width=&#8221;1\/3&#8243;][vc_single_image image=&#8221;700573&#8243; onclick=&#8221;link_image&#8221;][\/vc_column_inner][vc_column_inner width=&#8221;1\/3&#8243;][vc_single_image image=&#8221;700903&#8243; onclick=&#8221;link_image&#8221;][\/vc_column_inner][vc_column_inner width=&#8221;1\/3&#8243;][vc_single_image image=&#8221;700574&#8243; onclick=&#8221;link_image&#8221;][\/vc_column_inner][\/vc_row_inner][vc_row_inner][vc_column_inner width=&#8221;1\/3&#8243;][vc_single_image image=&#8221;700697&#8243; onclick=&#8221;link_image&#8221;][\/vc_column_inner][vc_column_inner width=&#8221;1\/3&#8243;][vc_single_image image=&#8221;700851&#8243; onclick=&#8221;link_image&#8221;][\/vc_column_inner][vc_column_inner width=&#8221;1\/3&#8243;][vc_single_image image=&#8221;700868&#8243; onclick=&#8221;link_image&#8221;][\/vc_column_inner][\/vc_row_inner][vc_row_inner][vc_column_inner width=&#8221;1\/3&#8243;][vc_single_image image=&#8221;701009&#8243; onclick=&#8221;link_image&#8221;][\/vc_column_inner][vc_column_inner width=&#8221;1\/3&#8243;][vc_single_image image=&#8221;701008&#8243; onclick=&#8221;link_image&#8221;][\/vc_column_inner][vc_column_inner width=&#8221;1\/3&#8243;][vc_single_image image=&#8221;701010&#8243; onclick=&#8221;link_image&#8221;][\/vc_column_inner][\/vc_row_inner][\/vc_column][\/vc_row][vc_row css=&#8221;.vc_custom_1532531430528{margin-bottom: 0px !important;border-bottom-width: 0px !important;padding-top: 100px !important;padding-bottom: 0px !important;}&#8221;][vc_column][vc_text_separator title=&#8221;PARTENAIRES&#8221; i_icon_fontawesome=&#8221;fa fa-users&#8221; i_color=&#8221;peacoc&#8221; title_align=&#8221;separator_align_left&#8221; color=&#8221;peacoc&#8221; add_icon=&#8221;true&#8221;][vc_column_text]En ce qui concerne la r\u00e9alisation de vos produits, <strong><span style=\"color: #5a9dc7;\">i<\/span><span style=\"color: #3d7c9c;\">come<\/span><\/strong>\u00a0peut faire intervenir son r\u00e9seau de partenaires privil\u00e9gi\u00e9s qui sauront r\u00e9pondre \u00e0 vos exigences. Que ce soit pour de la fabrication, de l&#8217;usinage, de la chaudronnerie, du montage, de l&#8217;impression 3D, etc&#8230; Nous vous proposerons la solution la plus adapt\u00e9e \u00e0 vos besoins.[\/vc_column_text][vc_separator color=&#8221;peacoc&#8221; el_width=&#8221;20&#8243;][vc_column_text css=&#8221;.vc_custom_1532531563627{margin-bottom: 0px !important;border-bottom-width: 0px !important;padding-bottom: 20px !important;}&#8221;]<\/p>\n<p style=\"text-align: center;\"><span style=\"color: #5c9ec4;\"><strong>i<\/strong><\/span><strong>c<span style=\"color: #23697d;\">ome<\/span><\/strong>\u00a0est accompagn\u00e9 dans son activit\u00e9, par des professionnels reconnus dans leur domaine d&#8217;expertise.<\/p>\n<p>[\/vc_column_text][\/vc_column][\/vc_row][vc_row gap=&#8221;35&#8243; content_placement=&#8221;middle&#8221; css=&#8221;.vc_custom_1523518788722{margin-top: 0px !important;margin-bottom: 0px !important;border-top-width: 0px !important;border-bottom-width: 0px !important;padding-top: 0px !important;padding-right: 150px !important;padding-bottom: 0px !important;padding-left: 150px !important;background-image: url(http:\/\/icome.fr\/wp-content\/uploads\/2018\/04\/background-blue-30.png?id=700547) !important;}&#8221;][vc_column width=&#8221;1\/6&#8243;][\/vc_column][vc_column width=&#8221;1\/6&#8243; css=&#8221;.vc_custom_1523215208326{margin-bottom: 0px !important;border-bottom-width: 0px !important;padding-bottom: 0px !important;}&#8221;][vc_single_image image=&#8221;700579&#8243; img_size=&#8221;medium&#8221; alignment=&#8221;center&#8221; onclick=&#8221;custom_link&#8221; img_link_target=&#8221;_blank&#8221; link=&#8221;http:\/\/www.cmar-paca.fr\/&#8221;][vc_single_image image=&#8221;700576&#8243; img_size=&#8221;medium&#8221; alignment=&#8221;center&#8221; onclick=&#8221;custom_link&#8221; img_link_target=&#8221;_blank&#8221; css=&#8221;.vc_custom_1532531517543{margin-bottom: 0px !important;border-bottom-width: 0px !important;padding-bottom: 0px !important;}&#8221; link=&#8221;https:\/\/www.allianz.fr\/assurances-professionnels-entreprises\/&#8221;][\/vc_column][vc_column width=&#8221;1\/6&#8243; css=&#8221;.vc_custom_1523215202870{margin-bottom: 0px !important;border-bottom-width: 0px !important;padding-bottom: 0px !important;}&#8221;][vc_single_image image=&#8221;700578&#8243; alignment=&#8221;center&#8221; onclick=&#8221;custom_link&#8221; img_link_target=&#8221;_blank&#8221; link=&#8221;http:\/\/www.arles.cci.fr\/&#8221;][vc_single_image image=&#8221;700580&#8243; alignment=&#8221;center&#8221; onclick=&#8221;custom_link&#8221; img_link_target=&#8221;_blank&#8221; css=&#8221;.vc_custom_1524124916092{margin-bottom: 0px !important;border-bottom-width: 0px !important;padding-bottom: 0px !important;}&#8221; link=&#8221;http:\/\/www.ca-alpesprovence.fr\/professionnels.html&#8221;][\/vc_column][vc_column width=&#8221;1\/6&#8243; css=&#8221;.vc_custom_1523215197899{margin-bottom: 0px !important;border-bottom-width: 0px !important;padding-bottom: 0px !important;}&#8221;][vc_single_image image=&#8221;700581&#8243; alignment=&#8221;center&#8221; onclick=&#8221;custom_link&#8221; img_link_target=&#8221;_blank&#8221; link=&#8221;http:\/\/www.initiative-paysdarles.com\/&#8221;][vc_single_image image=&#8221;700577&#8243; alignment=&#8221;center&#8221; onclick=&#8221;custom_link&#8221; img_link_target=&#8221;_blank&#8221; css=&#8221;.vc_custom_1524124853934{margin-bottom: 0px !important;border-bottom-width: 0px !important;padding-bottom: 0px !important;}&#8221; link=&#8221;http:\/\/cecilegraille-expertcomptable.fr\/&#8221;][\/vc_column][vc_column width=&#8221;1\/6&#8243; css=&#8221;.vc_custom_1523215192315{margin-bottom: 0px !important;border-bottom-width: 0px !important;padding-bottom: 0px !important;}&#8221;][vc_single_image image=&#8221;700582&#8243; alignment=&#8221;center&#8221; onclick=&#8221;custom_link&#8221; img_link_target=&#8221;_blank&#8221; link=&#8221;http:\/\/www.terredeprovence-agglo.com\/La-Maison-de-l-Entrepreneur.html?retour=back&#8221;][vc_single_image image=&#8221;700583&#8243; alignment=&#8221;center&#8221; onclick=&#8221;custom_link&#8221; img_link_target=&#8221;_blank&#8221; css=&#8221;.vc_custom_1524124716644{margin-bottom: 0px !important;border-bottom-width: 0px !important;padding-bottom: 0px !important;}&#8221; link=&#8221;http:\/\/www.visiativ.com\/&#8221;][\/vc_column][vc_column width=&#8221;1\/6&#8243;][\/vc_column][\/vc_row][vc_row css=&#8221;.vc_custom_1532531439250{padding-top: 100px !important;}&#8221;][vc_column][vc_text_separator title=&#8221;REFERENCES&#8221; i_icon_fontawesome=&#8221;fa fa-handshake-o&#8221; i_color=&#8221;peacoc&#8221; title_align=&#8221;separator_align_left&#8221; color=&#8221;peacoc&#8221; add_icon=&#8221;true&#8221;][vc_column_text css=&#8221;.vc_custom_1562539109001{padding-bottom: 10px !important;}&#8221;]<\/p>\n<p style=\"text-align: center;\">Ils nous font confiance et nous sollicitent r\u00e9guli\u00e8rement:<\/p>\n<p>[\/vc_column_text][vc_row_inner][vc_column_inner width=&#8221;1\/4&#8243;][vc_single_image image=&#8221;700766&#8243;][\/vc_column_inner][vc_column_inner width=&#8221;1\/4&#8243;][vc_single_image image=&#8221;700768&#8243;][\/vc_column_inner][vc_column_inner width=&#8221;1\/4&#8243;][vc_single_image image=&#8221;700769&#8243;][\/vc_column_inner][vc_column_inner width=&#8221;1\/4&#8243;][vc_single_image image=&#8221;701020&#8243;][\/vc_column_inner][\/vc_row_inner][vc_row_inner][vc_column_inner width=&#8221;1\/4&#8243;][vc_single_image image=&#8221;700765&#8243; img_size=&#8221;thumbnail&#8221;][\/vc_column_inner][vc_column_inner width=&#8221;1\/4&#8243;][vc_single_image image=&#8221;700858&#8243;][\/vc_column_inner][vc_column_inner width=&#8221;1\/4&#8243;][vc_single_image image=&#8221;700857&#8243; img_size=&#8221;medium&#8221;][\/vc_column_inner][vc_column_inner width=&#8221;1\/4&#8243;][vc_single_image image=&#8221;700897&#8243; img_size=&#8221;thumbnail&#8221;][\/vc_column_inner][\/vc_row_inner][vc_row_inner][vc_column_inner width=&#8221;1\/4&#8243;][vc_single_image image=&#8221;701027&#8243; img_size=&#8221;thumbnail&#8221;][\/vc_column_inner][vc_column_inner width=&#8221;1\/4&#8243;][vc_single_image image=&#8221;701013&#8243;][\/vc_column_inner][vc_column_inner width=&#8221;1\/4&#8243;][vc_single_image image=&#8221;701015&#8243; img_size=&#8221;medium&#8221;][\/vc_column_inner][vc_column_inner width=&#8221;1\/4&#8243;][vc_single_image image=&#8221;701028&#8243; img_size=&#8221;thumbnail&#8221;][\/vc_column_inner][\/vc_row_inner][vc_row_inner][vc_column_inner width=&#8221;1\/4&#8243;][vc_single_image image=&#8221;701029&#8243; img_size=&#8221;thumbnail&#8221;][\/vc_column_inner][vc_column_inner width=&#8221;1\/4&#8243;][vc_single_image image=&#8221;701019&#8243;][\/vc_column_inner][vc_column_inner width=&#8221;1\/4&#8243;][vc_single_image image=&#8221;701021&#8243; img_size=&#8221;medium&#8221;][\/vc_column_inner][vc_column_inner width=&#8221;1\/4&#8243;][vc_single_image img_size=&#8221;thumbnail&#8221;][\/vc_column_inner][\/vc_row_inner][\/vc_column][\/vc_row][vc_row][vc_column][vc_column_text css=&#8221;.vc_custom_1562539153602{margin-top: 30px !important;border-top-width: 30px !important;padding-top: 30px !important;}&#8221;]<\/p>\n<p style=\"text-align: center;\">Nous sommes \u00e9galement labellis\u00e9 membre de:\u00a0 \u00a0 \u00a0 \u00a0\u00a0<a href=\"http:\/\/www.lafrenchtech.com\/\"><img data-recalc-dims=\"1\" loading=\"lazy\" decoding=\"async\" data-attachment-id=\"700822\" data-permalink=\"https:\/\/icome.fr\/index.php\/moyens\/french-tech\/\" data-orig-file=\"https:\/\/i0.wp.com\/icome.fr\/wp-content\/uploads\/2018\/08\/french-tech.jpg?fit=612%2C196&amp;ssl=1\" data-orig-size=\"612,196\" data-comments-opened=\"1\" data-image-meta=\"{&quot;aperture&quot;:&quot;0&quot;,&quot;credit&quot;:&quot;&quot;,&quot;camera&quot;:&quot;&quot;,&quot;caption&quot;:&quot;&quot;,&quot;created_timestamp&quot;:&quot;0&quot;,&quot;copyright&quot;:&quot;&quot;,&quot;focal_length&quot;:&quot;0&quot;,&quot;iso&quot;:&quot;0&quot;,&quot;shutter_speed&quot;:&quot;0&quot;,&quot;title&quot;:&quot;&quot;,&quot;orientation&quot;:&quot;1&quot;}\" data-image-title=\"french-tech\" data-image-description=\"\" data-image-caption=\"\" data-medium-file=\"https:\/\/i0.wp.com\/icome.fr\/wp-content\/uploads\/2018\/08\/french-tech.jpg?fit=300%2C96&amp;ssl=1\" data-large-file=\"https:\/\/i0.wp.com\/icome.fr\/wp-content\/uploads\/2018\/08\/french-tech.jpg?fit=612%2C196&amp;ssl=1\" class=\"alignnone wp-image-700822\" src=\"https:\/\/i0.wp.com\/icome.fr\/wp-content\/uploads\/2018\/08\/french-tech.jpg?resize=222%2C71\" alt=\"\" width=\"222\" height=\"71\" srcset=\"https:\/\/i0.wp.com\/icome.fr\/wp-content\/uploads\/2018\/08\/french-tech.jpg?w=612&amp;ssl=1 612w, https:\/\/i0.wp.com\/icome.fr\/wp-content\/uploads\/2018\/08\/french-tech.jpg?resize=300%2C96&amp;ssl=1 300w, https:\/\/i0.wp.com\/icome.fr\/wp-content\/uploads\/2018\/08\/french-tech.jpg?resize=600%2C192&amp;ssl=1 600w\" sizes=\"(max-width: 222px) 100vw, 222px\" \/><\/a><\/p>\n<p>[\/vc_column_text][\/vc_column][\/vc_row]<\/p>\n","protected":false},"excerpt":{"rendered":"<p>[vc_row][vc_column][vc_text_separator title=&#8221;OUTILS CAO&#8221; i_icon_fontawesome=&#8221;fa fa-laptop&#8221; i_color=&#8221;peacoc&#8221; title_align=&#8221;separator_align_left&#8221; color=&#8221;peacoc&#8221; add_icon=&#8221;true&#8221;][vc_row_inner][vc_column_inner css=&#8221;.vc_custom_1523296878080{margin-top: 0px !important;border-top-width: 0px !important;padding-top: 0px !important;}&#8221;][vc_column_text]icome dispose de moyens de conception modernes et professionnels, reconnus et r\u00e9pandus dans le milieu industriel. Nous sommes \u00e9quip\u00e9s de licence Solidworks Premium dans sa version la plus r\u00e9cente, ainsi que de mat\u00e9riel informatique professionnel [&hellip;]<\/p>\n","protected":false},"author":1,"featured_media":0,"parent":0,"menu_order":0,"comment_status":"closed","ping_status":"closed","template":"","meta":{"jetpack_post_was_ever_published":false,"footnotes":""},"class_list":["post-700552","page","type-page","status-publish","hentry"],"jetpack_sharing_enabled":true,"jetpack_shortlink":"https:\/\/wp.me\/P9UuvA-2Wfe","jetpack-related-posts":[],"_links":{"self":[{"href":"https:\/\/icome.fr\/index.php\/wp-json\/wp\/v2\/pages\/700552"}],"collection":[{"href":"https:\/\/icome.fr\/index.php\/wp-json\/wp\/v2\/pages"}],"about":[{"href":"https:\/\/icome.fr\/index.php\/wp-json\/wp\/v2\/types\/page"}],"author":[{"embeddable":true,"href":"https:\/\/icome.fr\/index.php\/wp-json\/wp\/v2\/users\/1"}],"replies":[{"embeddable":true,"href":"https:\/\/icome.fr\/index.php\/wp-json\/wp\/v2\/comments?post=700552"}],"version-history":[{"count":41,"href":"https:\/\/icome.fr\/index.php\/wp-json\/wp\/v2\/pages\/700552\/revisions"}],"predecessor-version":[{"id":701443,"href":"https:\/\/icome.fr\/index.php\/wp-json\/wp\/v2\/pages\/700552\/revisions\/701443"}],"wp:attachment":[{"href":"https:\/\/icome.fr\/index.php\/wp-json\/wp\/v2\/media?parent=700552"}],"curies":[{"name":"wp","href":"https:\/\/api.w.org\/{rel}","templated":true}]}}