{"id":700471,"date":"2018-03-29T23:29:20","date_gmt":"2018-03-29T21:29:20","guid":{"rendered":"http:\/\/icome.fr\/?page_id=700471"},"modified":"2024-03-15T07:45:14","modified_gmt":"2024-03-15T06:45:14","slug":"mentionslegales","status":"publish","type":"page","link":"https:\/\/icome.fr\/index.php\/mentionslegales\/","title":{"rendered":"Mentions L\u00e9gales"},"content":{"rendered":"<p>[vc_row][vc_column][vc_text_separator title=&#8221;Mentions L\u00e9gales&#8221; i_icon_fontawesome=&#8221;fa fa-exclamation-circle&#8221; i_color=&#8221;peacoc&#8221; color=&#8221;peacoc&#8221; style=&#8221;shadow&#8221; el_width=&#8221;80&#8243; add_icon=&#8221;true&#8221;][vc_column_text]Conform\u00e9ment \u00e0 l\u2019article n\u00b06 de la Loi n\u00b02004-575, du 21 Juin 2004, pour la confiance dans l\u2019\u00e9conomie num\u00e9rique, les responsables du pr\u00e9sent site internet\u00a0<a href=\"www.icome.fr\u00a0\">www.icome.fr\u00a0<\/a>sont :<\/p>\n<h6><u><b>PROPRI\u00c9TAIRE\u00a0:<\/b><\/u><\/h6>\n<p style=\"padding-left: 30px;\">Thomas ANDRE<br \/>\nSoci\u00e9t\u00e9 ICOME (Ing\u00e9nierie Conception M\u00e9canique)<br \/>\n6, traverse Claude Monet<br \/>\n30400 Villeneuve les Avignon\u00a0 &#8211;\u00a0 FRANCE<br \/>\nEmail: <a href=\"contact@icome.fr\">contact[@]icome.fr<\/a><br \/>\nTel: +33 (0)6 27 29 00 51<br \/>\nEntreprise Individuelle<br \/>\nN\u00b0 SIRET: 838 630 994 00021<br \/>\nN\u00b0 TVA:\u00a0FR 17 838630994<br \/>\nRCS de N\u00eemes<\/p>\n<h6><strong><u>H\u00e9bergement :<\/u><\/strong><\/h6>\n<p style=\"padding-left: 30px;\">H\u00e9bergeur : OVH 2, RUE KELLERMANN, 59100 ROUBAIX Site Web :\u00a0<a href=\"http:\/\/www.ovh.com\/\">www.ovh.com<\/a><\/p>\n<h6><strong><u>R\u00e9alisation:<\/u><\/strong><\/h6>\n<p style=\"padding-left: 30px;\">Thomas ANDRE, (soci\u00e9t\u00e9 icome) sur la base du th\u00e8me \u24d4engage.<br \/>\n(Copyright 2017. All rights reserved &#8211; <a href=\"http:\/\/http\/engage.veented.com\">http:\/engage.veented.com<\/a>)<\/p>\n<p>&nbsp;<\/p>\n<ul>\n<li>\n<h5><strong><u>CONDITIONS GENERALES D\u2019UTILISATION DU SITE :<\/u><\/strong><\/h5>\n<\/li>\n<\/ul>\n<p>L\u2019utilisation du site\u00a0<a href=\"http:\/\/www.icome.fr\/\">www.icome.fr<\/a> implique l\u2019acceptation pleine et enti\u00e8re des conditions g\u00e9n\u00e9rales d\u2019utilisation ci-apr\u00e8s d\u00e9crites. Ces conditions d\u2019utilisation sont susceptibles d\u2019\u00eatre modifi\u00e9es ou compl\u00e9t\u00e9es \u00e0 tout moment, les utilisateurs du site\u00a0<a href=\"www.icome.fr\u00a0\">www.icome.fr\u00a0<\/a>sont donc invit\u00e9s \u00e0 les consulter de mani\u00e8re r\u00e9guli\u00e8re. En cas de non-respect des termes et conditions r\u00e9gissant l&#8217;acc\u00e8s \u00e0 ce site, <strong><span style=\"color: #6babc2;\">i<\/span><span style=\"color: #2e6380;\">come<\/span><\/strong> se r\u00e9serve le droit d&#8217;appliquer toutes les mesures n\u00e9cessaires, par la force de la loi. Ses termes et conditions s&#8217;appliquent imm\u00e9diatement, ne sont pas limit\u00e9s dans le temps, et concerne tous les visiteurs.<\/p>\n<ul>\n<li>\n<h5><strong><u>RESPECT DES LOIS EN VIGUEUR :<\/u><\/strong><\/h5>\n<\/li>\n<\/ul>\n<p>Le site\u00a0<a href=\"http:\/\/www.icome.fr\/\">www.icome.fr<\/a>\u00a0respecte la vie priv\u00e9e de l\u2019internaute et se conforme strictement aux lois en vigueur sur la protection de la vie priv\u00e9e et des libert\u00e9s individuelles. Aucune information personnelle n\u2019est collect\u00e9e \u00e0 votre insu. Aucune information personnelle n\u2019est c\u00e9d\u00e9e \u00e0 des tiers. Les courriels, les adresses \u00e9lectroniques ou autres informations nominatives dont ce site est destinataire ne font l\u2019objet d\u2019aucune exploitation et ne sont conserv\u00e9s que pour la dur\u00e9e n\u00e9cessaire \u00e0 leur traitement.<\/p>\n<ul>\n<li>\n<h5><strong><u>COOKIES :<\/u><\/strong><\/h5>\n<\/li>\n<\/ul>\n<p>Un cookie est un petit fichier de donn\u00e9es que certains sites internet \u00e9crivent sur votre disque dur lorsque vous les visitez. Ce n&#8217;est ni un programme ex\u00e9cutable, ni un virus. Un fichier de cookie contient des informations telles que l&#8217;identifiant des utilisateurs, sa localisation ainsi que des informations sur votre parcours sur le site. Cela nous\u00a0permet de r\u00e9aliser des statistiques de visites dans le but d&#8217;optimiser votre exp\u00e9rience parmi nous. Un cookie ne peut pas lire les informations sur votre disque dur. En cliquant sur le bouton &#8220;J&#8217;accepte&#8221; du bandeau d&#8217;information, vous approuvez l&#8217;utilisation des cookies du site \u00a0<a href=\"http:\/\/www.icome.fr\/\">www.icome.fr<\/a>\u00a0. A travers cette article et en informant chaque internaute lors de leur visite, icome se tient en conformit\u00e9 avec les lois europ\u00e9ennes concernant le r\u00e8glement g\u00e9n\u00e9ral sur la protection des donn\u00e9es (RGPD).<\/p>\n<p>&nbsp;<\/p>\n<ul>\n<li>\n<h5><strong><u>LIMITATIONS CONTRACTUELLES SUR LES DONN<b>\u00c9<\/b>ES :<\/u><\/strong><\/h5>\n<\/li>\n<\/ul>\n<p>Les informations contenues sur ce site sont aussi pr\u00e9cises que possible et le site est r\u00e9guli\u00e8rement\u00a0 remis \u00e0 jour. Toutefois il peut contenir des inexactitudes ou des omissions. Si vous constatez une lacune, erreur ou ce qui parait \u00eatre un dysfonctionnement, merci de bien vouloir le signaler par email, \u00e0 l\u2019adresse <a href=\"contact@icome.fr\">contact@icome.fr<\/a>, en d\u00e9crivant le probl\u00e8me de la mani\u00e8re la plus pr\u00e9cise possible.<\/p>\n<ul>\n<li>\n<h5><u><b>PROPRI\u00c9T\u00c9\u00a0INTELLECTUELLE :<\/b><\/u><\/h5>\n<\/li>\n<\/ul>\n<p>Tout le contenu pr\u00e9sent sur le site\u00a0\u00a0<a href=\"http:\/\/www.icome.fr\/\">www.icome.fr<\/a>, incluant, de fa\u00e7on non limitative, les graphismes, images, textes, vid\u00e9os, animations, sons, logos, gifs et ic\u00f4nes ainsi que leur mise en forme sont la propri\u00e9t\u00e9 exclusive de la soci\u00e9t\u00e9 <strong><span style=\"color: #70adcf;\">i<\/span><span style=\"color: #295b75;\">come<\/span><\/strong> \u00e0 l\u2019exception des marques, logos ou contenus appartenant \u00e0 d\u2019autres soci\u00e9t\u00e9s partenaires ou auteurs. Toute repr\u00e9sentation ou reproduction, int\u00e9grale ou partielle, qui pourrait \u00eatre faite sans le consentement de leurs auteurs ou de leurs ayants-droit, est illicite. Les \u00e9l\u00e9ments de ce site ne peuvent \u00eatre vendus ou commercialis\u00e9s dans un but lucratif. <strong><span style=\"color: #70adcf;\">i<\/span><span style=\"color: #295b75;\">come<\/span><\/strong> est une marque fran\u00e7aise d\u00e9pos\u00e9e aupr\u00e8s de l&#8217;institut national de la propri\u00e9t\u00e9 industrielle.<\/p>\n<ul>\n<li>\n<h5><strong><u>LIENS VERS D&#8217;AUTRES SITES :<\/u><\/strong><\/h5>\n<\/li>\n<\/ul>\n<p>Ce site web contient des liens vers d&#8217;autres sites dont l&#8217;acc\u00e8s se fait aux risques et p\u00e9rils du visiteur ou de l&#8217;utilisateur. Les liens hypertextes mis en place dans le cadre du pr\u00e9sent site internet \u00a0<a href=\"http:\/\/www.icome.fr\/\">www.icome.fr<\/a> en direction d\u2019autres ressources pr\u00e9sentes sur le r\u00e9seau internet ne sauraient engager la responsabilit\u00e9 de <strong><span style=\"color: #70adcf;\">i<\/span><span style=\"color: #295b75;\">come<\/span><\/strong>.<\/p>\n<ul>\n<li>\n<h5><strong><u>LIENS HYPERTEXTES :\u00a0<\/u><\/strong><\/h5>\n<\/li>\n<\/ul>\n<p>Dans l\u2019hypoth\u00e8se o\u00f9 un utilisateur, ou visiteur souhaiterait, mettre en place un hyperlien en direction du site internet \u00a0<a href=\"http:\/\/www.icome.fr\/\">www.icome.fr<\/a>, il lui appartiendra d\u2019adresser un email \u00e0 : <a href=\"contact@icome.fr\">contact@icome.fr<\/a>, afin de formuler sa demande par \u00e9crit de mise en place d\u2019un hyperlien. <strong><span style=\"color: #70adcf;\">i<\/span><span style=\"color: #295b75;\">come<\/span><\/strong> se r\u00e9serve le droit d\u2019accepter ou de refuser un hyperlien sans avoir \u00e0 justifier sa d\u00e9cision.<\/p>\n<ul>\n<li>\n<h5><strong><u>SERVICES FOURNIS :<\/u><\/strong><\/h5>\n<\/li>\n<\/ul>\n<p>L\u2019ensemble des activit\u00e9s de la soci\u00e9t\u00e9 <strong><span style=\"color: #70adcf;\">i<\/span><span style=\"color: #295b75;\">come<\/span><\/strong>, ainsi que ses informations, sont pr\u00e9sent\u00e9s sur notre site\u00a0\u00a0<a href=\"http:\/\/www.icome.fr\/\">www.icome.fr<\/a>. <strong><span style=\"color: #70adcf;\">i<\/span><span style=\"color: #295b75;\">come<\/span><\/strong> s\u2019efforce de fournir des informations aussi pr\u00e9cises que possible. Les renseignements figurant sur le\u00a0 <a href=\"site\u00a0www.icome.fr\">site\u00a0www.icome.fr<\/a>\u00a0ne sont pas exhaustifs et les photos non contractuelles. Ils sont donn\u00e9s\u00a0 sous r\u00e9serve de modifications ayant \u00e9t\u00e9 apport\u00e9es depuis leur mise en ligne. Par ailleurs, toutes les informations indiqu\u00e9es sur le site \u00a0<a href=\"http:\/\/www.icome.fr\/\">www.icome.fr<\/a>\u00a0sont donn\u00e9es \u00e0 titre indicatif, et sont susceptibles de changer ou d\u2019\u00e9voluer sans pr\u00e9avis.<\/p>\n<ul>\n<li>\n<h5><strong><u>INDISPONIBILIT\u00c9 DU SITE :<\/u><\/strong><\/h5>\n<\/li>\n<\/ul>\n<p><strong><span style=\"color: #70adcf;\">i<\/span><span style=\"color: #295b75;\">come<\/span><\/strong> s&#8217;engage \u00e0 r\u00e9aliser ses meilleurs efforts pour assurer aux utilisateurs une accessibilit\u00e9 du site \u00a0<a href=\"http:\/\/www.icome.fr\/\">www.icome.fr<\/a> \u00e0 tout moment. <strong><span style=\"color: #70adcf;\">i<\/span><span style=\"color: #295b75;\">come<\/span><\/strong> ne pourra \u00eatre tenue responsable, en cas d&#8217;indisponibilit\u00e9 du site, pour quelque cause que ce soit.<\/p>\n<ul>\n<li>\n<h5><strong><u>LITIGES :<\/u><\/strong><\/h5>\n<\/li>\n<\/ul>\n<p>Les pr\u00e9sentes conditions du site\u00a0\u00a0<a href=\"http:\/\/www.icome.fr\/\">www.icome.fr<\/a> sont r\u00e9gies par les lois fran\u00e7aises et toutes contestations ou litiges qui pourraient na\u00eetre de l\u2019interpr\u00e9tation ou de l\u2019ex\u00e9cution de celles-ci seront de la comp\u00e9tence exclusive des tribunaux dont d\u00e9pend le si\u00e8ge social de la soci\u00e9t\u00e9. La langue de r\u00e9f\u00e9rence, pour le r\u00e8glement de contentieux \u00e9ventuels, est le fran\u00e7ais.[\/vc_column_text][\/vc_column][\/vc_row]<\/p>\n","protected":false},"excerpt":{"rendered":"<p>[vc_row][vc_column][vc_text_separator title=&#8221;Mentions L\u00e9gales&#8221; i_icon_fontawesome=&#8221;fa fa-exclamation-circle&#8221; i_color=&#8221;peacoc&#8221; color=&#8221;peacoc&#8221; style=&#8221;shadow&#8221; el_width=&#8221;80&#8243; add_icon=&#8221;true&#8221;][vc_column_text]Conform\u00e9ment \u00e0 l\u2019article n\u00b06 de la Loi n\u00b02004-575, du 21 Juin 2004, pour la confiance dans l\u2019\u00e9conomie num\u00e9rique, les responsables du pr\u00e9sent site internet\u00a0www.icome.fr\u00a0sont : PROPRI\u00c9TAIRE\u00a0: Thomas ANDRE Soci\u00e9t\u00e9 ICOME (Ing\u00e9nierie Conception M\u00e9canique) 6, traverse Claude Monet 30400 Villeneuve les Avignon\u00a0 [&hellip;]<\/p>\n","protected":false},"author":1,"featured_media":0,"parent":0,"menu_order":0,"comment_status":"closed","ping_status":"closed","template":"","meta":{"jetpack_post_was_ever_published":false,"footnotes":""},"class_list":["post-700471","page","type-page","status-publish","hentry"],"jetpack_sharing_enabled":true,"jetpack_shortlink":"https:\/\/wp.me\/P9UuvA-2WdV","jetpack-related-posts":[],"_links":{"self":[{"href":"https:\/\/icome.fr\/index.php\/wp-json\/wp\/v2\/pages\/700471"}],"collection":[{"href":"https:\/\/icome.fr\/index.php\/wp-json\/wp\/v2\/pages"}],"about":[{"href":"https:\/\/icome.fr\/index.php\/wp-json\/wp\/v2\/types\/page"}],"author":[{"embeddable":true,"href":"https:\/\/icome.fr\/index.php\/wp-json\/wp\/v2\/users\/1"}],"replies":[{"embeddable":true,"href":"https:\/\/icome.fr\/index.php\/wp-json\/wp\/v2\/comments?post=700471"}],"version-history":[{"count":14,"href":"https:\/\/icome.fr\/index.php\/wp-json\/wp\/v2\/pages\/700471\/revisions"}],"predecessor-version":[{"id":701075,"href":"https:\/\/icome.fr\/index.php\/wp-json\/wp\/v2\/pages\/700471\/revisions\/701075"}],"wp:attachment":[{"href":"https:\/\/icome.fr\/index.php\/wp-json\/wp\/v2\/media?parent=700471"}],"curies":[{"name":"wp","href":"https:\/\/api.w.org\/{rel}","templated":true}]}}