{"id":22,"date":"2018-03-27T14:25:43","date_gmt":"2018-03-27T12:25:43","guid":{"rendered":"http:\/\/icome.fr\/?page_id=22"},"modified":"2025-08-21T16:47:59","modified_gmt":"2025-08-21T14:47:59","slug":"accueil","status":"publish","type":"page","link":"https:\/\/icome.fr\/","title":{"rendered":"Accueil"},"content":{"rendered":"<p>[vc_row css=&#8221;.vc_custom_1522174989763{margin-top: 0px !important;border-top-width: 0px !important;padding-top: 0px !important;}&#8221;][vc_column css=&#8221;.vc_custom_1522175008961{margin-top: 0px !important;border-top-width: 0px !important;padding-top: 0px !important;}&#8221;]<style type=\"text\/css\">#hero-section-9968 .hero-content{margin-top:-50px;}<\/style><div id=\"hero-section-9968\" class=\"vntd-hero vntd-section hero-section hero-media-images arrow-nav-side color-scheme-white fullscreen-section fullwidth-section hero-parallax\"><div class=\"hero-container\" data-0=\"transform: translateY(0px);\" data-end=\"transform: translateY(-360px);\">\n\t\t<div class=\"hero-bg hero-bg-image\" style=\"background-image:url('https:\/\/i0.wp.com\/icome.fr\/wp-content\/uploads\/2018\/04\/20180418_123410-01.jpeg?fit=3892%2C1580&#038;ssl=1');background-position:center top;\"><img decoding=\"async\" class=\"vntd-fake-image\" src=\"https:\/\/i0.wp.com\/icome.fr\/wp-content\/uploads\/2018\/04\/20180418_123410-01.jpeg?fit=3892%2C1580&#038;ssl=1\"><\/div><div id=\"bg-overlay-9968\" class=\"bg-overlay bg-overlay-dark40\"><\/div>\n\t\t<!-- Home Inner Details -->\n\t\t<div class=\"hero-inner hero-align-center hero-content-narrow container\" data-0=\"opacity:1;transform:translateY(0px);\" data--900-bottom=\"opacity:0;transform:translateY(-140px);\">\n\n\t\t\t\n\t\t\t<div class=\"hero-content vertical-align-middle\"><div class=\"hero-content-inner\">\n\n\t\t\t\t\t\t\t<p class=\"hero-top-heading fs26px fw-bold\">icome<\/p>\n\t\t\t\t\t\t\t\t<h1 class=\"hero-heading fs40px\">Ing\u00e9nierie Conception M\u00e9canique<\/h1>\n\t\t\t\t\t\t\t\t<p class=\"hero-subtitle\">Votre bureau d&#039;\u00e9tude de proximit\u00e9<\/p>\n\t\t\t\t<div class=\"hero-buttons\"><a href=\"http:\/\/icome.fr\/index.php\/contact\/\" class=\"btn hero-btn hero-btn1 btn-white btn-outline btn-hover-white btn-circle\">Nous contacter<\/a><\/div>\n\t\t\t<\/div><\/div>\n\n\t\t<\/div>\n\n\t\t<!-- End Content -->\n\n\t\t<div class=\"veented-slider-scroll-button-holder\"><a href=\"#second\" class=\"scroll veented-slider-scroll-button veented-scroll-after\"><span class=\"vntd-mouse-dot\"><\/span><\/a><\/div><\/div><\/div>[\/vc_column][\/vc_row][vc_row][vc_column css=&#8221;.vc_custom_1522161885154{padding-top: 10px !important;padding-bottom: 10px !important;}&#8221;][vc_text_separator title=&#8221;PRESENTATION&#8221; i_icon_fontawesome=&#8221;fa fa-home&#8221; i_color=&#8221;peacoc&#8221; i_size=&#8221;lg&#8221; title_align=&#8221;separator_align_left&#8221; align=&#8221;align_left&#8221; color=&#8221;peacoc&#8221; add_icon=&#8221;true&#8221;][vc_column_text]<\/p>\n<p data-start=\"93\" data-end=\"372\"><strong><span style=\"color: #39b9c4;\">i<\/span><span style=\"color: #1a81ad;\">come<\/span><\/strong> est une soci\u00e9t\u00e9 sp\u00e9cialis\u00e9e dans les p<strong>restations d\u2019ing\u00e9nierie en conception m\u00e9canique<\/strong>, l\u2019assistance \u00e0 projets et la r\u00e9daction technique. Nous accompagnons nos clients tout au long du cycle de vie de leurs projets et produits, de l\u2019id\u00e9e initiale \u00e0 la r\u00e9alisation finale.<\/p>\n<p data-start=\"374\" data-end=\"719\">Bas\u00e9e \u00e0 Villeneuve-l\u00e8s-Avignon, dans le sud de la France (30400), <strong><span style=\"color: #39b9c4;\">i<\/span><span style=\"color: #1a81ad;\">come <\/span><\/strong>a \u00e9t\u00e9 fond\u00e9e en 2018 par <strong>Thomas ANDRE<\/strong>. Fort de plus de 15 ans d\u2019exp\u00e9rience en tant qu\u2019ing\u00e9nieur projet au sein de divers bureaux d\u2019\u00e9tudes, il a souhait\u00e9 mettre ses comp\u00e9tences au service de ses clients en cr\u00e9ant une structure r\u00e9active, ind\u00e9pendante et \u00e0 taille humaine.<\/p>\n<p data-start=\"721\" data-end=\"1018\">Notre bureau d\u2019\u00e9tudes dispose de toutes les expertises en ing\u00e9nierie m\u00e9canique n\u00e9cessaires pour garantir la r\u00e9ussite de vos projets. Pour les projets multidisciplinaires, nous travaillons \u00e9galement avec un r\u00e9seau de partenaires qualifi\u00e9s, afin de vous proposer une solution compl\u00e8te et sur mesure.<\/p>\n<p data-start=\"1020\" data-end=\"1258\">Gr\u00e2ce \u00e0 notre flexibilit\u00e9 et \u00e0 notre proximit\u00e9 avec nos clients, nous favorisons une collaboration efficace, fond\u00e9e sur la confiance et l\u2019\u00e9coute. L\u2019innovation, la rigueur technique et la satisfaction client sont au c\u0153ur de notre d\u00e9marche.<\/p>\n<blockquote><p><strong><span style=\"color: #39b9c4;\">i<\/span><span style=\"color: #1a81ad;\">come<\/span> vous offre les moyens de donner vie \u00e0 vos id\u00e9es!<\/strong><\/p><\/blockquote>\n<p>[\/vc_column_text][\/vc_column][\/vc_row][vc_row css=&#8221;.vc_custom_1522162022652{padding-top: 80px !important;}&#8221;][vc_column][vc_text_separator title=&#8221;Pourquoi Collaborer ?&#8221; i_icon_fontawesome=&#8221;fa fa-handshake-o&#8221; i_color=&#8221;peacoc&#8221; i_size=&#8221;lg&#8221; title_align=&#8221;separator_align_left&#8221; align=&#8221;align_left&#8221; color=&#8221;peacoc&#8221; add_icon=&#8221;true&#8221;][\/vc_column][\/vc_row][vc_row equal_height=&#8221;yes&#8221; content_placement=&#8221;middle&#8221; css=&#8221;.vc_custom_1530879353298{padding-top: 30px !important;padding-bottom: 30px !important;}&#8221;][vc_column width=&#8221;1\/2&#8243; col_padding=&#8221;2&#8243; col_padding_side=&#8221;right&#8221;][vc_column_text font_size=&#8221;medium&#8221;]<span style=\"color: #000000;\">Vous faites face \u00e0 une surcharge de travail ponctuelle? Vous ne souhaitez pas embaucher? Vous avez besoin de renforcer vos \u00e9quipes ? Vous avez besoin de monter une \u00e9quipe projet sp\u00e9cifique? Vous souhaitez externaliser une \u00e9tude? Vous recherchez des comp\u00e9tences suppl\u00e9mentaires? Vous ne pouvez pas investir dans des moyens de conception lourds et co\u00fbteux ? etc\u2026<\/span><\/p>\n<blockquote><p><strong><span style=\"color: #39b9c4;\">i<\/span><span style=\"color: #1a81ad;\">come<\/span>\u00a0<span style=\"color: #000000;\">est \u00e0 vos c\u00f4t\u00e9s et vous accompagne dans le d\u00e9veloppement et la r\u00e9alisation de vos projets ou produits.<\/span><\/strong><\/p><\/blockquote>\n<p>[\/vc_column_text][\/vc_column][vc_column width=&#8221;1\/2&#8243;][vc_single_image image=&#8221;700694&#8243;][\/vc_column][\/vc_row][vc_row css=&#8221;.vc_custom_1523295310560{margin-bottom: 0px !important;border-bottom-width: 0px !important;padding-top: 80px !important;padding-bottom: 0px !important;}&#8221;][vc_column css=&#8221;.vc_custom_1523295239524{margin-bottom: 0px !important;border-bottom-width: 0px !important;padding-bottom: 0px !important;}&#8221;][vc_text_separator title=&#8221;NOTRE CLIENTELE&#8221; i_icon_fontawesome=&#8221;fa fa-users&#8221; i_color=&#8221;peacoc&#8221; title_align=&#8221;separator_align_left&#8221; align=&#8221;align_left&#8221; color=&#8221;peacoc&#8221; add_icon=&#8221;true&#8221;][vc_column_text css=&#8221;.vc_custom_1755787662128{margin-bottom: 0px !important;border-bottom-width: 0px !important;padding-bottom: 0px !important;}&#8221;]Notre flexibilit\u00e9 et nos m\u00e9thodes de travail nous permettent de nous adresser \u00e0 une large client\u00e8le. A l&#8217;\u00e9coute de nos clients, nous vous proposerons une solution personnalis\u00e9e, adapt\u00e9e en r\u00e9ponse \u00e0 vos besoins.[\/vc_column_text][\/vc_column][\/vc_row][vc_row gap=&#8221;15&#8243; css=&#8221;.vc_custom_1523295224999{margin-top: 0px !important;border-top-width: 0px !important;padding-top: 0px !important;}&#8221;][vc_column width=&#8221;1\/3&#8243; css=&#8221;.vc_custom_1523295220070{margin-top: 0px !important;border-top-width: 0px !important;padding-top: 0px !important;}&#8221;][vc_single_image image=&#8221;700480&#8243; img_size=&#8221;thumbnail&#8221; alignment=&#8221;center&#8221; css=&#8221;.vc_custom_1523295193484{margin-top: 0px !important;margin-bottom: 0px !important;border-top-width: 0px !important;border-bottom-width: 0px !important;padding-top: 0px !important;padding-bottom: 2px !important;}&#8221;][vc_column_text css=&#8221;.vc_custom_1523187019721{margin-top: 0px !important;border-top-width: 0px !important;padding-top: 0px !important;}&#8221;]<\/p>\n<p style=\"text-align: center;\"><em>Structures importantes en surcharge de travail ayant besoin de renforcer ponctuellement ses \u00e9quipes.<\/em><\/p>\n<p>[\/vc_column_text][\/vc_column][vc_column width=&#8221;1\/3&#8243; css=&#8221;.vc_custom_1523295214971{margin-top: 0px !important;border-top-width: 0px !important;padding-top: 0px !important;}&#8221;][vc_single_image image=&#8221;700482&#8243; img_size=&#8221;thumbnail&#8221; alignment=&#8221;center&#8221; css=&#8221;.vc_custom_1523295199333{margin-top: 0px !important;margin-bottom: 0px !important;border-top-width: 0px !important;border-bottom-width: 0px !important;padding-top: 0px !important;padding-bottom: 2px !important;}&#8221;][vc_column_text css=&#8221;.vc_custom_1523188069062{margin-top: 0px !important;border-top-width: 0px !important;padding-top: 0px !important;}&#8221;]<\/p>\n<p style=\"text-align: center;\"><em>Petites structures n&#8217;ayant pas de bureau d&#8217;\u00e9tude, pas d&#8217;expertise m\u00e9canique, ou pas de licence CAO.<\/em><\/p>\n<p>[\/vc_column_text][\/vc_column][vc_column width=&#8221;1\/3&#8243; css=&#8221;.vc_custom_1523295210174{margin-top: 0px !important;border-top-width: 0px !important;padding-top: 0px !important;}&#8221;][vc_single_image image=&#8221;700481&#8243; img_size=&#8221;thumbnail&#8221; alignment=&#8221;center&#8221; css=&#8221;.vc_custom_1523295204623{margin-top: 0px !important;margin-bottom: 0px !important;border-top-width: 0px !important;border-bottom-width: 0px !important;padding-top: 0px !important;padding-bottom: 2px !important;}&#8221;][vc_column_text css=&#8221;.vc_custom_1523187151861{margin-top: 0px !important;border-top-width: 0px !important;padding-top: 0px !important;}&#8221;]<\/p>\n<p style=\"text-align: center;\"><em>Collectivit\u00e9s, associations, porteurs de projet, inventeurs, particuliers, etc&#8230;<\/em><\/p>\n<p>[\/vc_column_text][\/vc_column][\/vc_row][vc_row css=&#8221;.vc_custom_1523295322981{margin-bottom: 0px !important;border-bottom-width: 0px !important;padding-top: 80px !important;padding-bottom: 0px !important;}&#8221;][vc_column css=&#8221;.vc_custom_1523295160875{margin-bottom: 0px !important;border-bottom-width: 0px !important;padding-bottom: 0px !important;}&#8221;][vc_text_separator title=&#8221;NOS M\u00c9THODES DE TRAVAIL&#8221; i_icon_fontawesome=&#8221;fa fa-pencil&#8221; i_color=&#8221;peacoc&#8221; title_align=&#8221;separator_align_left&#8221; align=&#8221;align_left&#8221; color=&#8221;peacoc&#8221; add_icon=&#8221;true&#8221;][vc_column_text css=&#8221;.vc_custom_1523295151329{margin-bottom: 0px !important;border-bottom-width: 0px !important;padding-bottom: 0px !important;}&#8221;]<strong><span style=\"color: #39b9c4;\">i<\/span><span style=\"color: #1a81ad;\">come<\/span><\/strong> s\u2019adapte aux contraintes du projet et aux m\u00e9thodes de travail de son client. Nous pouvons \u00e9laborer ensemble diff\u00e9rentes solutions de collaboration. Que ce soit pour du travail \u00e0 distance, une int\u00e9gration au sein de vos \u00e9quipes en vos locaux ou de l\u2019assistance sur chantier.[\/vc_column_text][\/vc_column][\/vc_row][vc_row gap=&#8221;35&#8243; css=&#8221;.vc_custom_1524049430180{margin-top: 0px !important;border-top-width: 0px !important;padding-top: 0px !important;padding-right: 100px !important;padding-left: 100px !important;}&#8221;][vc_column width=&#8221;1\/2&#8243; css=&#8221;.vc_custom_1523295119923{margin-top: 0px !important;border-top-width: 0px !important;padding-top: 5px !important;}&#8221;][vc_single_image image=&#8221;32&#8243; img_size=&#8221;thumbnail&#8221; add_caption=&#8221;yes&#8221; alignment=&#8221;center&#8221; css=&#8221;.vc_custom_1523188125854{margin-bottom: 0px !important;border-bottom-width: 0px !important;padding-bottom: 2px !important;}&#8221;][vc_row_inner][vc_column_inner][vc_column_text css=&#8221;.vc_custom_1523188134013{margin-top: 0px !important;border-top-width: 0px !important;padding-top: 0px !important;}&#8221;]<\/p>\n<p style=\"text-align: center;\"><strong><span style=\"color: #39b9c4;\">i<\/span><span style=\"color: #1a81ad;\">come<\/span> <\/strong><em>travaille \u00e0 distance, depuis nos bureaux, en restant au plus proche de son client \u00e0 l&#8217;aide de tous les moyens modernes de communication.<\/em><\/p>\n<p>[\/vc_column_text][\/vc_column_inner][\/vc_row_inner][\/vc_column][vc_column width=&#8221;1\/2&#8243; css=&#8221;.vc_custom_1523295126424{margin-top: 0px !important;border-top-width: 0px !important;padding-top: 5px !important;}&#8221;][vc_single_image image=&#8221;33&#8243; img_size=&#8221;thumbnail&#8221; alignment=&#8221;center&#8221; css=&#8221;.vc_custom_1523188141753{margin-bottom: 0px !important;border-bottom-width: 0px !important;padding-bottom: 2px !important;}&#8221;][vc_row_inner][vc_column_inner][vc_column_text css=&#8221;.vc_custom_1523188149439{margin-top: 0px !important;border-top-width: 0px !important;padding-top: 0px !important;}&#8221;]<\/p>\n<p style=\"text-align: center;\"><strong><span style=\"color: #39b9c4;\">i<\/span><span style=\"color: #1a81ad;\">come<\/span> <\/strong><em>se d\u00e9place dans vos locaux, avec ou sans son \u00e9quipement, pour int\u00e9grer votre \u00e9quipe projet.<\/em><\/p>\n<p>[\/vc_column_text][\/vc_column_inner][\/vc_row_inner][\/vc_column][\/vc_row][vc_row css=&#8221;.vc_custom_1523188298369{margin-bottom: 0px !important;border-bottom-width: 0px !important;padding-top: 80px !important;padding-bottom: 0px !important;}&#8221;][vc_column css=&#8221;.vc_custom_1523188281129{margin-bottom: 0px !important;border-bottom-width: 0px !important;padding-bottom: 0px !important;}&#8221;][vc_text_separator title=&#8221;NOS VALEURS&#8221; i_icon_fontawesome=&#8221;fa fa-trophy&#8221; i_color=&#8221;peacoc&#8221; title_align=&#8221;separator_align_left&#8221; align=&#8221;align_left&#8221; color=&#8221;peacoc&#8221; add_icon=&#8221;true&#8221; css=&#8221;.vc_custom_1523295047867{margin-bottom: 0px !important;border-bottom-width: 0px !important;padding-bottom: 15px !important;}&#8221;][\/vc_column][\/vc_row][vc_row css=&#8221;.vc_custom_1522173643172{margin-top: 0px !important;border-top-width: 0px !important;padding-top: 0px !important;background-image: url(http:\/\/icome.fr\/wp-content\/uploads\/2018\/03\/mains-light-2.jpg?id=47) !important;}&#8221;][vc_column css=&#8221;.vc_custom_1522173724807{padding-top: 20px !important;}&#8221;][vc_column_text css=&#8221;.vc_custom_1523188204646{margin-top: 0px !important;border-top-width: 0px !important;padding-top: 20px !important;}&#8221;]<\/p>\n<h5 style=\"text-align: center;\"><strong><span style=\"color: #39b9c4;\">i<\/span><span style=\"color: #1a81ad;\">come<\/span><\/strong> s&#8217;engage \u00e0 vous garantir les principes suivants:<\/h5>\n<p>[\/vc_column_text][vc_row_inner gap=&#8221;20&#8243; css=&#8221;.vc_custom_1522174086409{margin-top: 0px !important;border-top-width: 0px !important;padding-top: 0px !important;padding-bottom: 50px !important;}&#8221;][vc_column_inner width=&#8221;1\/4&#8243;][vc_single_image image=&#8221;39&#8243; img_size=&#8221;100&#215;100 (Width x Height)&#8221; alignment=&#8221;center&#8221;][vc_custom_heading text=&#8221;R\u00e9activit\u00e9&#8221; font_container=&#8221;tag:h2|font_size:18|text_align:center|line_height:0&#8243; use_theme_fonts=&#8221;yes&#8221;][vc_column_text]<\/p>\n<p style=\"text-align: center;\"><span style=\"color: #000000;\">Notre organisation nous permet de vous garantir les meilleurs d\u00e9lais de r\u00e9ponse.<\/span><\/p>\n<p>[\/vc_column_text][\/vc_column_inner][vc_column_inner width=&#8221;1\/4&#8243;][vc_single_image image=&#8221;40&#8243; img_size=&#8221;100&#215;100 (Width x Height)&#8221; alignment=&#8221;center&#8221;][vc_custom_heading text=&#8221;Proximit\u00e9&#8221; font_container=&#8221;tag:h2|font_size:18|text_align:center|line_height:0&#8243; use_theme_fonts=&#8221;yes&#8221;][vc_column_text]<\/p>\n<p style=\"text-align: center;\"><span style=\"color: #000000;\">Pour une collaboration optimale, nos m\u00e9thodes de travail sont adapt\u00e9es \u00e0 chaque client .<\/span><\/p>\n<p>[\/vc_column_text][\/vc_column_inner][vc_column_inner width=&#8221;1\/4&#8243;][vc_single_image image=&#8221;38&#8243; img_size=&#8221;100&#215;100 (Width x Height)&#8221; alignment=&#8221;center&#8221;][vc_custom_heading text=&#8221;Efficacit\u00e9&#8221; font_container=&#8221;tag:h2|font_size:18|text_align:center|line_height:0&#8243; use_theme_fonts=&#8221;yes&#8221;][vc_column_text]<\/p>\n<p style=\"text-align: center;\"><span style=\"color: #000000;\">Notre professionnalisme et notre d\u00e9vouement sont les gages d&#8217;un service de qualit\u00e9.<\/span><\/p>\n<p>[\/vc_column_text][\/vc_column_inner][vc_column_inner width=&#8221;1\/4&#8243;][vc_single_image image=&#8221;37&#8243; img_size=&#8221;100&#215;100 (Width x Height)&#8221; alignment=&#8221;center&#8221;][vc_custom_heading text=&#8221;Confiance&#8221; font_container=&#8221;tag:h2|font_size:18|text_align:center|line_height:0&#8243; use_theme_fonts=&#8221;yes&#8221;][vc_column_text]<\/p>\n<p style=\"text-align: center;\"><span style=\"color: #000000;\">La p\u00e9rennisation de nos relations et la confidentialit\u00e9 de nos \u00e9changes seront une priorit\u00e9.<\/span><\/p>\n<p>[\/vc_column_text][\/vc_column_inner][\/vc_row_inner][\/vc_column][\/vc_row]<\/p>\n","protected":false},"excerpt":{"rendered":"<p>[vc_row css=&#8221;.vc_custom_1522174989763{margin-top: 0px !important;border-top-width: 0px !important;padding-top: 0px !important;}&#8221;][vc_column css=&#8221;.vc_custom_1522175008961{margin-top: 0px !important;border-top-width: 0px !important;padding-top: 0px !important;}&#8221;][\/vc_column][\/vc_row][vc_row][vc_column css=&#8221;.vc_custom_1522161885154{padding-top: 10px !important;padding-bottom: 10px !important;}&#8221;][vc_text_separator title=&#8221;PRESENTATION&#8221; i_icon_fontawesome=&#8221;fa fa-home&#8221; i_color=&#8221;peacoc&#8221; i_size=&#8221;lg&#8221; title_align=&#8221;separator_align_left&#8221; align=&#8221;align_left&#8221; color=&#8221;peacoc&#8221; add_icon=&#8221;true&#8221;][vc_column_text] icome est une soci\u00e9t\u00e9 sp\u00e9cialis\u00e9e dans les prestations d\u2019ing\u00e9nierie en conception m\u00e9canique, l\u2019assistance \u00e0 projets et la r\u00e9daction technique. Nous accompagnons [&hellip;]<\/p>\n","protected":false},"author":1,"featured_media":0,"parent":0,"menu_order":0,"comment_status":"closed","ping_status":"closed","template":"","meta":{"jetpack_post_was_ever_published":false,"footnotes":""},"class_list":["post-22","page","type-page","status-publish","hentry"],"jetpack_sharing_enabled":true,"jetpack_shortlink":"https:\/\/wp.me\/P9UuvA-m","jetpack-related-posts":[],"_links":{"self":[{"href":"https:\/\/icome.fr\/index.php\/wp-json\/wp\/v2\/pages\/22"}],"collection":[{"href":"https:\/\/icome.fr\/index.php\/wp-json\/wp\/v2\/pages"}],"about":[{"href":"https:\/\/icome.fr\/index.php\/wp-json\/wp\/v2\/types\/page"}],"author":[{"embeddable":true,"href":"https:\/\/icome.fr\/index.php\/wp-json\/wp\/v2\/users\/1"}],"replies":[{"embeddable":true,"href":"https:\/\/icome.fr\/index.php\/wp-json\/wp\/v2\/comments?post=22"}],"version-history":[{"count":30,"href":"https:\/\/icome.fr\/index.php\/wp-json\/wp\/v2\/pages\/22\/revisions"}],"predecessor-version":[{"id":701440,"href":"https:\/\/icome.fr\/index.php\/wp-json\/wp\/v2\/pages\/22\/revisions\/701440"}],"wp:attachment":[{"href":"https:\/\/icome.fr\/index.php\/wp-json\/wp\/v2\/media?parent=22"}],"curies":[{"name":"wp","href":"https:\/\/api.w.org\/{rel}","templated":true}]}}